{"id":972,"date":"2022-03-18T10:50:42","date_gmt":"2022-03-18T03:50:42","guid":{"rendered":"https:\/\/maygiatlacongnghiep.com\/?product=bep-chien-nham-don-dung-dien-ozti-oge-4070-n-nha-phan-phoi-thiet-bi-bep-nha-hang-khach-san"},"modified":"2022-07-31T16:35:12","modified_gmt":"2022-07-31T09:35:12","slug":"bep-chien-nham-don-dung-dien-ozti-oge-4070-n-nha-phan-phoi-thiet-bi-bep-nha-hang-khach-san","status":"publish","type":"product","link":"https:\/\/maygiatlacongnghiep.com\/?product=bep-chien-nham-don-dung-dien-ozti-oge-4070-n-nha-phan-phoi-thiet-bi-bep-nha-hang-khach-san","title":{"rendered":"B\u1ebfp chi\u00ean nh\u00e1m \u0111\u01a1n d\u00f9ng \u0111i\u1ec7n Ozti OGE 4070 N &#8211; Nh\u00e0 ph\u00e2n ph\u1ed1i thi\u1ebft b\u1ecb b\u1ebfp nh\u00e0 h\u00e0ng &#8211; kh\u00e1ch s\u1ea1n"},"content":{"rendered":"","protected":false},"excerpt":{"rendered":"<p>B\u1ebfp chi\u00ean nh\u00e1m \u0111\u01a1n d\u00f9ng \u0111i\u1ec7n Ozti OGE 4070 N l\u00e0 d\u00f2ng s\u1ea3n ph\u1ea9m thu\u1ed9c thu\u1ed9c th\u01b0\u01a1ng hi\u1ec7u Ozti c\u00f3 xu\u1ea5t x\u1ee9 \u0111\u1ebfn t\u1eeb Th\u1ed5 Nh\u0129 K\u1ef3. V\u1edbi \u01b0u \u0111i\u1ec3m thi\u1ebft k\u1ebf hi\u1ec7n \u0111\u1ea1i<\/p>\n","protected":false},"featured_media":971,"template":"","meta":[],"_links":{"self":[{"href":"https:\/\/maygiatlacongnghiep.com\/index.php?rest_route=\/wp\/v2\/product\/972"}],"collection":[{"href":"https:\/\/maygiatlacongnghiep.com\/index.php?rest_route=\/wp\/v2\/product"}],"about":[{"href":"https:\/\/maygiatlacongnghiep.com\/index.php?rest_route=\/wp\/v2\/types\/product"}],"wp:featuredmedia":[{"embeddable":true,"href":"https:\/\/maygiatlacongnghiep.com\/index.php?rest_route=\/wp\/v2\/media\/971"}],"wp:attachment":[{"href":"https:\/\/maygiatlacongnghiep.com\/index.php?rest_route=%2Fwp%2Fv2%2Fmedia&parent=972"}],"curies":[{"name":"wp","href":"https:\/\/api.w.org\/{rel}","templated":true}]}}