{"id":968,"date":"2022-03-18T10:50:25","date_gmt":"2022-03-18T03:50:25","guid":{"rendered":"https:\/\/maygiatlacongnghiep.com\/?product=bep-chien-nham-doi-dung-dien-ozti-oge-8070-n-nha-phan-phoi-thiet-bi-bep-nha-hang-khach-san"},"modified":"2022-07-29T11:00:03","modified_gmt":"2022-07-29T04:00:03","slug":"bep-chien-nham-doi-dung-dien-ozti-oge-8070-n-nha-phan-phoi-thiet-bi-bep-nha-hang-khach-san","status":"publish","type":"product","link":"https:\/\/maygiatlacongnghiep.com\/?product=bep-chien-nham-doi-dung-dien-ozti-oge-8070-n-nha-phan-phoi-thiet-bi-bep-nha-hang-khach-san","title":{"rendered":"B\u1ebfp chi\u00ean nh\u00e1m \u0111\u00f4i d\u00f9ng \u0111i\u1ec7n Ozti OGE 8070 N &#8211; Nh\u00e0 ph\u00e2n ph\u1ed1i thi\u1ebft b\u1ecb b\u1ebfp nh\u00e0 h\u00e0ng &#8211; kh\u00e1ch s\u1ea1n"},"content":{"rendered":"","protected":false},"excerpt":{"rendered":"<p>B\u1ebfp chi\u00ean nh\u00e1m \u0111\u00f4i d\u00f9ng \u0111i\u1ec7n Ozti OGE 8070 N hi\u1ec7n \u0111ang \u0111\u01b0\u1ee3c Thi\u1ebft B\u1ecb B\u1ebfp Nh\u00e0 H\u00e0ng nh\u1eadp kh\u1ea9u ch\u00ednh h\u00e3ng t\u1eeb Th\u1ed5 Nh\u0129 K\u1ef3 v\u00e0 ph\u00e2n ph\u1ed1i tr\u1ef1c ti\u1ebfp t\u1ea1i Vi\u1ec7t Nam.<\/p>\n","protected":false},"featured_media":967,"template":"","meta":[],"_links":{"self":[{"href":"https:\/\/maygiatlacongnghiep.com\/index.php?rest_route=\/wp\/v2\/product\/968"}],"collection":[{"href":"https:\/\/maygiatlacongnghiep.com\/index.php?rest_route=\/wp\/v2\/product"}],"about":[{"href":"https:\/\/maygiatlacongnghiep.com\/index.php?rest_route=\/wp\/v2\/types\/product"}],"wp:featuredmedia":[{"embeddable":true,"href":"https:\/\/maygiatlacongnghiep.com\/index.php?rest_route=\/wp\/v2\/media\/967"}],"wp:attachment":[{"href":"https:\/\/maygiatlacongnghiep.com\/index.php?rest_route=%2Fwp%2Fv2%2Fmedia&parent=968"}],"curies":[{"name":"wp","href":"https:\/\/api.w.org\/{rel}","templated":true}]}}