{"id":959,"date":"2022-03-18T10:49:27","date_gmt":"2022-03-18T03:49:27","guid":{"rendered":"https:\/\/maygiatlacongnghiep.com\/?product=bep-au-co-ran-phang-berjaya-ob4gg1bfs-thiet-bi-bep-cong-nghiep-cho-nha-hang"},"modified":"2022-07-31T02:44:47","modified_gmt":"2022-07-30T19:44:47","slug":"bep-au-co-ran-phang-berjaya-ob4gg1bfs-thiet-bi-bep-cong-nghiep-cho-nha-hang","status":"publish","type":"product","link":"https:\/\/maygiatlacongnghiep.com\/?product=bep-au-co-ran-phang-berjaya-ob4gg1bfs-thiet-bi-bep-cong-nghiep-cho-nha-hang","title":{"rendered":"B\u1ebfp \u00e2u c\u00f3 r\u00e1n ph\u1eb3ng Berjaya OB4GG1BFS &#8211; Thi\u1ebft b\u1ecb b\u1ebfp c\u00f4ng nghi\u1ec7p cho nh\u00e0 h\u00e0ng"},"content":{"rendered":"","protected":false},"excerpt":{"rendered":"<p>M\u00e3 s\u1ea3n ph\u1ea9m :\u00a0OB4 GG1B FS Th\u01b0\u01a1ng hi\u1ec7u : Berjaya Xu\u1ea5t x\u1ee9 : Malaysia B\u1ea3o h\u00e0nh : 12 th\u00e1ng<\/p>\n","protected":false},"featured_media":958,"template":"","meta":[],"_links":{"self":[{"href":"https:\/\/maygiatlacongnghiep.com\/index.php?rest_route=\/wp\/v2\/product\/959"}],"collection":[{"href":"https:\/\/maygiatlacongnghiep.com\/index.php?rest_route=\/wp\/v2\/product"}],"about":[{"href":"https:\/\/maygiatlacongnghiep.com\/index.php?rest_route=\/wp\/v2\/types\/product"}],"wp:featuredmedia":[{"embeddable":true,"href":"https:\/\/maygiatlacongnghiep.com\/index.php?rest_route=\/wp\/v2\/media\/958"}],"wp:attachment":[{"href":"https:\/\/maygiatlacongnghiep.com\/index.php?rest_route=%2Fwp%2Fv2%2Fmedia&parent=959"}],"curies":[{"name":"wp","href":"https:\/\/api.w.org\/{rel}","templated":true}]}}