{"id":946,"date":"2022-03-18T10:48:27","date_gmt":"2022-03-18T03:48:27","guid":{"rendered":"https:\/\/maygiatlacongnghiep.com\/?product=bep-au-4-hong-dung-gas-ozti-osog-8070-c-nha-phan-phoi-thiet-bi-bep-nha-hang-khach-san"},"modified":"2022-07-29T11:00:01","modified_gmt":"2022-07-29T04:00:01","slug":"bep-au-4-hong-dung-gas-ozti-osog-8070-c-nha-phan-phoi-thiet-bi-bep-nha-hang-khach-san","status":"publish","type":"product","link":"https:\/\/maygiatlacongnghiep.com\/?product=bep-au-4-hong-dung-gas-ozti-osog-8070-c-nha-phan-phoi-thiet-bi-bep-nha-hang-khach-san","title":{"rendered":"B\u1ebfp \u00c2u 4 h\u1ecdng d\u00f9ng gas Ozti OSOG 8070 C &#8211; Nh\u00e0 ph\u00e2n ph\u1ed1i thi\u1ebft b\u1ecb b\u1ebfp nh\u00e0 h\u00e0ng &#8211; kh\u00e1ch s\u1ea1n"},"content":{"rendered":"","protected":false},"excerpt":{"rendered":"<p>B\u1ebfp \u00c2u 4 h\u1ecdng d\u00f9ng gas Ozti OSOG 8070 C \u0111\u01b0\u1ee3c thi\u1ebft k\u1ebf h\u1ecdn g\u00e0ng kh\u00f4ng chi\u1ebfm nhi\u1ec1u kh\u00f4ng gian b\u1ebfp, \u0111\u01b0\u1ee3c c\u1ea5u t\u1ea1o t\u1eeb ch\u1ea5t li\u1ec7u b\u1ec1n b\u1ec9 v\u00e0 th\u1ea9m m\u1ef9<\/p>\n","protected":false},"featured_media":945,"template":"","meta":[],"_links":{"self":[{"href":"https:\/\/maygiatlacongnghiep.com\/index.php?rest_route=\/wp\/v2\/product\/946"}],"collection":[{"href":"https:\/\/maygiatlacongnghiep.com\/index.php?rest_route=\/wp\/v2\/product"}],"about":[{"href":"https:\/\/maygiatlacongnghiep.com\/index.php?rest_route=\/wp\/v2\/types\/product"}],"wp:featuredmedia":[{"embeddable":true,"href":"https:\/\/maygiatlacongnghiep.com\/index.php?rest_route=\/wp\/v2\/media\/945"}],"wp:attachment":[{"href":"https:\/\/maygiatlacongnghiep.com\/index.php?rest_route=%2Fwp%2Fv2%2Fmedia&parent=946"}],"curies":[{"name":"wp","href":"https:\/\/api.w.org\/{rel}","templated":true}]}}