{"id":930,"date":"2022-03-18T10:48:10","date_gmt":"2022-03-18T03:48:10","guid":{"rendered":"https:\/\/maygiatlacongnghiep.com\/?product=bep-a-doi-cong-nghiep-nha-phan-phoi-thiet-bi-bep-nha-hang-khach-san"},"modified":"2022-07-29T11:00:10","modified_gmt":"2022-07-29T04:00:10","slug":"bep-a-doi-cong-nghiep-nha-phan-phoi-thiet-bi-bep-nha-hang-khach-san","status":"publish","type":"product","link":"https:\/\/maygiatlacongnghiep.com\/?product=bep-a-doi-cong-nghiep-nha-phan-phoi-thiet-bi-bep-nha-hang-khach-san","title":{"rendered":"B\u1ebfp \u00e1 \u0111\u00f4i c\u00f4ng nghi\u1ec7p &#8211; Nh\u00e0 ph\u00e2n ph\u1ed1i thi\u1ebft b\u1ecb b\u1ebfp nh\u00e0 h\u00e0ng &#8211; kh\u00e1ch s\u1ea1n"},"content":{"rendered":"<p>B\u1ebfp \u00e1 \u0111\u00f4i c\u00f4ng nghi\u1ec7p l\u00e0 m\u1ed9t trong nh\u1eefng s\u1ea3n ph\u1ea9m \u0111\u01b0\u1ee3c thi\u1ebft k\u1ebf t\u1eeb ch\u00fang t\u00f4i, c\u00e1c h\u1ecdng \u0111\u1ed1t \u0111\u01b0\u1ee3c nh\u1eadp kh\u1ea9u tr\u1ef1c ti\u1ebfp t\u1eeb th\u01b0\u01a1ng hi\u1ec7u Berjaya n\u1ed5i ti\u1ebfng . Ch\u00ednh v\u00ec th\u1ebf s\u1ea3n ph\u1ea9m lu\u00f4n c\u00f3 ch\u1ea5t l\u01b0\u1ee3ng \u1ed5n \u0111\u1ecbnh nh\u1ea5t . B\u1ebfp \u00e1 \u0111\u00f4i \u0111\u01b0\u1ee3c thi\u1ebft k\u1ebf v\u1edbi 2 h\u1ecdng \u0111\u1ed1t [&#8230;]\n","protected":false},"excerpt":{"rendered":"<p>B\u1ebfp \u00e1 \u0111\u00f4i c\u00f4ng nghi\u1ec7p l\u00e0 m\u1ed9t trong nh\u1eefng s\u1ea3n ph\u1ea9m \u0111\u01b0\u1ee3c thi\u1ebft k\u1ebf t\u1eeb ch\u00fang t\u00f4i, c\u00e1c h\u1ecdng \u0111\u1ed1t \u0111\u01b0\u1ee3c nh\u1eadp kh\u1ea9u tr\u1ef1c ti\u1ebfp t\u1eeb th\u01b0\u01a1ng hi\u1ec7u Berjaya n\u1ed5i ti\u1ebfng . Ch\u00ednh v\u00ec th\u1ebf s\u1ea3n ph\u1ea9m lu\u00f4n c\u00f3 ch\u1ea5t l\u01b0\u1ee3ng \u1ed5n \u0111\u1ecbnh nh\u1ea5t . B\u1ebfp \u00e1 \u0111\u00f4i \u0111\u01b0\u1ee3c thi\u1ebft k\u1ebf v\u1edbi 2 h\u1ecdng \u0111\u1ed1t &#8230;<\/p>\n","protected":false},"featured_media":929,"template":"","meta":[],"_links":{"self":[{"href":"https:\/\/maygiatlacongnghiep.com\/index.php?rest_route=\/wp\/v2\/product\/930"}],"collection":[{"href":"https:\/\/maygiatlacongnghiep.com\/index.php?rest_route=\/wp\/v2\/product"}],"about":[{"href":"https:\/\/maygiatlacongnghiep.com\/index.php?rest_route=\/wp\/v2\/types\/product"}],"wp:featuredmedia":[{"embeddable":true,"href":"https:\/\/maygiatlacongnghiep.com\/index.php?rest_route=\/wp\/v2\/media\/929"}],"wp:attachment":[{"href":"https:\/\/maygiatlacongnghiep.com\/index.php?rest_route=%2Fwp%2Fv2%2Fmedia&parent=930"}],"curies":[{"name":"wp","href":"https:\/\/api.w.org\/{rel}","templated":true}]}}