{"id":855,"date":"2022-03-17T13:14:49","date_gmt":"2022-03-17T06:14:49","guid":{"rendered":"https:\/\/maygiatlacongnghiep.com\/san-pham\/may-say-hai-tang-speed-queen-lsle5ags303nw22-tbnk27\/"},"modified":"2022-07-27T01:51:10","modified_gmt":"2022-07-26T18:51:10","slug":"may-say-hai-tang-speed-queen-lsle5ags303nw22-tbnk27","status":"publish","type":"product","link":"https:\/\/maygiatlacongnghiep.com\/?product=may-say-hai-tang-speed-queen-lsle5ags303nw22-tbnk27","title":{"rendered":"M\u00e1y s\u1ea5y hai t\u1ea7ng Speed Queen LSLE5AGS303NW22 TBNK27"},"content":{"rendered":"<p>M\u00e1y s\u1ea5y x\u1ebfp ch\u1ed3ng d\u00f9ng ga kh\u00f4ng c\u00f3 xu<br \/>\nS\u1eed d\u1ee5ng b\u00ecnh ga \u00e1p th\u1ea5p<br \/>\nModel: Speed Queen LSLE5AGS303NW22 TBNK27<br \/>\nC\u00f4ng su\u1ea5t: 15 kg + 15kg<br \/>\n\u0110\u01b0\u1eddng k\u00ednh l\u1ed3ng s\u1ea5y: 578 mm<br \/>\nChi\u1ec1u s\u00e2u l\u1ed3ng s\u1ea5y: 530 mm<br \/>\nDung t\u00edch l\u1ed3ng s\u1ea5y: 198 l\u00edt<br \/>\n\u0110\u01b0\u1eddng tho\u00e1t h\u01a1i:1x \u03d5102 mm<br \/>\nNgu\u1ed3n \u0111i\u1ec7n: 220 \u2013 240V\/50Hz\/1P<br \/>\nK\u00edch th\u01b0\u1edbc m\u00e1y: 683x704x1986 mm<br \/>\nTr\u1ecdng l\u01b0\u1ee3ng NET: 177 kg<br \/>\nS\u1ea3n xu\u1ea5t v\u00e0 nh\u1eadp nguy\u00ean chi\u1ebfc t\u1eeb USA<br \/>\nNh\u00e0 s\u1ea3n xu\u1ea5t: Alliance Laundry System<br \/>\n990 Shepard Street Ripon,WI 54971 USA<\/p>\n","protected":false},"excerpt":{"rendered":"<p>M\u00e1y s\u1ea5y x\u1ebfp ch\u1ed3ng d\u00f9ng ga kh\u00f4ng c\u00f3 xu S\u1eed d\u1ee5ng b\u00ecnh ga \u00e1p th\u1ea5p Model: Speed Queen LSLE5AGS303NW22 TBNK27 C\u00f4ng su\u1ea5t: 15 kg + 15kg \u0110\u01b0\u1eddng k\u00ednh l\u1ed3ng s\u1ea5y: 578 mm Chi\u1ec1u s\u00e2u l\u1ed3ng s\u1ea5y: 530 mm Dung t\u00edch l\u1ed3ng s\u1ea5y: 198 l\u00edt \u0110\u01b0\u1eddng tho\u00e1t h\u01a1i:1x \u03d5102 mm Ngu\u1ed3n \u0111i\u1ec7n: 220 \u2013 240V\/50Hz\/1P K\u00edch &#8230;<\/p>\n","protected":false},"featured_media":853,"template":"","meta":[],"_links":{"self":[{"href":"https:\/\/maygiatlacongnghiep.com\/index.php?rest_route=\/wp\/v2\/product\/855"}],"collection":[{"href":"https:\/\/maygiatlacongnghiep.com\/index.php?rest_route=\/wp\/v2\/product"}],"about":[{"href":"https:\/\/maygiatlacongnghiep.com\/index.php?rest_route=\/wp\/v2\/types\/product"}],"wp:featuredmedia":[{"embeddable":true,"href":"https:\/\/maygiatlacongnghiep.com\/index.php?rest_route=\/wp\/v2\/media\/853"}],"wp:attachment":[{"href":"https:\/\/maygiatlacongnghiep.com\/index.php?rest_route=%2Fwp%2Fv2%2Fmedia&parent=855"}],"curies":[{"name":"wp","href":"https:\/\/api.w.org\/{rel}","templated":true}]}}