{"id":1054,"date":"2022-03-18T10:57:13","date_gmt":"2022-03-18T03:57:13","guid":{"rendered":"https:\/\/maygiatlacongnghiep.com\/?product=noi-ham-dung-dien-ozti-otei-60-nha-phan-phoi-thiet-bi-bep-nha-hang-khach-san"},"modified":"2022-07-30T10:16:11","modified_gmt":"2022-07-30T03:16:11","slug":"noi-ham-dung-dien-ozti-otei-60-nha-phan-phoi-thiet-bi-bep-nha-hang-khach-san","status":"publish","type":"product","link":"https:\/\/maygiatlacongnghiep.com\/?product=noi-ham-dung-dien-ozti-otei-60-nha-phan-phoi-thiet-bi-bep-nha-hang-khach-san","title":{"rendered":"N\u1ed3i h\u1ea7m d\u00f9ng \u0111i\u1ec7n Ozti OTEI 60 &#8211; Nh\u00e0 ph\u00e2n ph\u1ed1i thi\u1ebft b\u1ecb b\u1ebfp nh\u00e0 h\u00e0ng &#8211; kh\u00e1ch s\u1ea1n"},"content":{"rendered":"","protected":false},"excerpt":{"rendered":"<p>N\u1ed3i h\u1ea7m d\u00f9ng \u0111i\u1ec7n Ozti OTEI 60 \u0111ang \u0111\u01b0\u1ee3c d\u00f2ng s\u1ea3n ph\u1ea9m n\u1ed3i h\u1ea7m \u0111\u1ed3 \u0103n c\u00f4ng nghi\u1ec7p r\u1ea5t \u0111\u01b0\u1ee3c tin d\u00f9ng tr\u00ean th\u1ecb tr\u01b0\u1eddng ph\u00e2n ph\u1ed1i tr\u1ef1c ti\u1ebfp t\u1ea1i Vi\u1ec7t Nam<\/p>\n","protected":false},"featured_media":1053,"template":"","meta":[],"_links":{"self":[{"href":"https:\/\/maygiatlacongnghiep.com\/index.php?rest_route=\/wp\/v2\/product\/1054"}],"collection":[{"href":"https:\/\/maygiatlacongnghiep.com\/index.php?rest_route=\/wp\/v2\/product"}],"about":[{"href":"https:\/\/maygiatlacongnghiep.com\/index.php?rest_route=\/wp\/v2\/types\/product"}],"wp:featuredmedia":[{"embeddable":true,"href":"https:\/\/maygiatlacongnghiep.com\/index.php?rest_route=\/wp\/v2\/media\/1053"}],"wp:attachment":[{"href":"https:\/\/maygiatlacongnghiep.com\/index.php?rest_route=%2Fwp%2Fv2%2Fmedia&parent=1054"}],"curies":[{"name":"wp","href":"https:\/\/api.w.org\/{rel}","templated":true}]}}