{"id":1046,"date":"2022-03-18T10:56:44","date_gmt":"2022-03-18T03:56:44","guid":{"rendered":"https:\/\/maygiatlacongnghiep.com\/?product=bep-tu-don-dung-dien-ozti-osi-4070-nha-phan-phoi-thiet-bi-bep-nha-hang-khach-san"},"modified":"2022-07-29T10:59:33","modified_gmt":"2022-07-29T03:59:33","slug":"bep-tu-don-dung-dien-ozti-osi-4070-nha-phan-phoi-thiet-bi-bep-nha-hang-khach-san","status":"publish","type":"product","link":"https:\/\/maygiatlacongnghiep.com\/?product=bep-tu-don-dung-dien-ozti-osi-4070-nha-phan-phoi-thiet-bi-bep-nha-hang-khach-san","title":{"rendered":"B\u1ebfp t\u1eeb \u0111\u01a1n d\u00f9ng \u0111i\u1ec7n Ozti OSI 4070 &#8211; Nh\u00e0 ph\u00e2n ph\u1ed1i thi\u1ebft b\u1ecb b\u1ebfp nh\u00e0 h\u00e0ng &#8211; kh\u00e1ch s\u1ea1n"},"content":{"rendered":"","protected":false},"excerpt":{"rendered":"<p>B\u1ebfp t\u1eeb \u0111\u01a1n d\u00f9ng \u0111i\u1ec7n Ozti OSI 4070 l\u00e0 d\u00f2ng s\u1ea3n ph\u1ea9m b\u1ebfp t\u1eeb \u0111\u01a1n nh\u1ecf g\u1ecdn thi\u1ebft k\u1ebf \u0111\u1eb9p m\u1eaft c\u1ee7a th\u01b0\u01a1ng hi\u1ec7u Ozti \u0111\u1ebfn t\u1eeb Th\u1ed5 Nh\u0129 K\u1ef3.<\/p>\n","protected":false},"featured_media":1045,"template":"","meta":[],"_links":{"self":[{"href":"https:\/\/maygiatlacongnghiep.com\/index.php?rest_route=\/wp\/v2\/product\/1046"}],"collection":[{"href":"https:\/\/maygiatlacongnghiep.com\/index.php?rest_route=\/wp\/v2\/product"}],"about":[{"href":"https:\/\/maygiatlacongnghiep.com\/index.php?rest_route=\/wp\/v2\/types\/product"}],"wp:featuredmedia":[{"embeddable":true,"href":"https:\/\/maygiatlacongnghiep.com\/index.php?rest_route=\/wp\/v2\/media\/1045"}],"wp:attachment":[{"href":"https:\/\/maygiatlacongnghiep.com\/index.php?rest_route=%2Fwp%2Fv2%2Fmedia&parent=1046"}],"curies":[{"name":"wp","href":"https:\/\/api.w.org\/{rel}","templated":true}]}}