{"id":1038,"date":"2022-03-18T10:56:09","date_gmt":"2022-03-18T03:56:09","guid":{"rendered":"https:\/\/maygiatlacongnghiep.com\/?product=bep-ran-phang-dien-berjaya-eg-3000fs-nha-phan-phoi-thiet-bi-bep-nha-hang-khach-san"},"modified":"2022-07-29T10:59:59","modified_gmt":"2022-07-29T03:59:59","slug":"bep-ran-phang-dien-berjaya-eg-3000fs-nha-phan-phoi-thiet-bi-bep-nha-hang-khach-san","status":"publish","type":"product","link":"https:\/\/maygiatlacongnghiep.com\/?product=bep-ran-phang-dien-berjaya-eg-3000fs-nha-phan-phoi-thiet-bi-bep-nha-hang-khach-san","title":{"rendered":"B\u1ebfp r\u00e1n ph\u1eb3ng \u0111i\u1ec7n Berjaya EG 3000FS &#8211; Nh\u00e0 ph\u00e2n ph\u1ed1i thi\u1ebft b\u1ecb b\u1ebfp nh\u00e0 h\u00e0ng &#8211; kh\u00e1ch s\u1ea1n"},"content":{"rendered":"","protected":false},"excerpt":{"rendered":"<p>M\u00e3 s\u1ea3n ph\u1ea9m : EG 3000FS ,\u00a0EG 3500FS ,\u00a0EG 5253FS , Th\u01b0\u01a1ng hi\u1ec7u : Berjaya Xu\u1ea5t x\u1ee9 : Malaysia B\u1ea3o h\u00e0nh : 12 th\u00e1ng<\/p>\n","protected":false},"featured_media":1037,"template":"","meta":[],"_links":{"self":[{"href":"https:\/\/maygiatlacongnghiep.com\/index.php?rest_route=\/wp\/v2\/product\/1038"}],"collection":[{"href":"https:\/\/maygiatlacongnghiep.com\/index.php?rest_route=\/wp\/v2\/product"}],"about":[{"href":"https:\/\/maygiatlacongnghiep.com\/index.php?rest_route=\/wp\/v2\/types\/product"}],"wp:featuredmedia":[{"embeddable":true,"href":"https:\/\/maygiatlacongnghiep.com\/index.php?rest_route=\/wp\/v2\/media\/1037"}],"wp:attachment":[{"href":"https:\/\/maygiatlacongnghiep.com\/index.php?rest_route=%2Fwp%2Fv2%2Fmedia&parent=1038"}],"curies":[{"name":"wp","href":"https:\/\/api.w.org\/{rel}","templated":true}]}}