{"id":1011,"date":"2022-03-18T10:54:22","date_gmt":"2022-03-18T03:54:22","guid":{"rendered":"https:\/\/maygiatlacongnghiep.com\/?product=bep-ham-don-berjaya-nha-phan-phoi-thiet-bi-bep-nha-hang-khach-san"},"modified":"2022-07-29T10:59:32","modified_gmt":"2022-07-29T03:59:32","slug":"bep-ham-don-berjaya-nha-phan-phoi-thiet-bi-bep-nha-hang-khach-san","status":"publish","type":"product","link":"https:\/\/maygiatlacongnghiep.com\/?product=bep-ham-don-berjaya-nha-phan-phoi-thiet-bi-bep-nha-hang-khach-san","title":{"rendered":"B\u1ebfp h\u1ea7m \u0111\u01a1n Berjaya &#8211; Nh\u00e0 ph\u00e2n ph\u1ed1i thi\u1ebft b\u1ecb b\u1ebfp nh\u00e0 h\u00e0ng &#8211; kh\u00e1ch s\u1ea1n"},"content":{"rendered":"","protected":false},"excerpt":{"rendered":"<p>Lo\u1ea1i : B\u1ebfp h\u1ea7m \u0111\u01a1n Th\u01b0\u01a1ng hi\u1ec7u : Berjaya Xu\u1ea5t x\u1ee9 : Malaysia B\u1ea3o h\u00e0nh : 12 th\u00e1ng<\/p>\n","protected":false},"featured_media":0,"template":"","meta":[],"_links":{"self":[{"href":"https:\/\/maygiatlacongnghiep.com\/index.php?rest_route=\/wp\/v2\/product\/1011"}],"collection":[{"href":"https:\/\/maygiatlacongnghiep.com\/index.php?rest_route=\/wp\/v2\/product"}],"about":[{"href":"https:\/\/maygiatlacongnghiep.com\/index.php?rest_route=\/wp\/v2\/types\/product"}],"wp:attachment":[{"href":"https:\/\/maygiatlacongnghiep.com\/index.php?rest_route=%2Fwp%2Fv2%2Fmedia&parent=1011"}],"curies":[{"name":"wp","href":"https:\/\/api.w.org\/{rel}","templated":true}]}}