{"id":1002,"date":"2022-03-18T10:53:23","date_gmt":"2022-03-18T03:53:23","guid":{"rendered":"https:\/\/maygiatlacongnghiep.com\/?product=bep-chien-phang-don-ma-crom-ozti-ogg-4070-c-nha-phan-phoi-thiet-bi-bep-nha-hang-khach-san"},"modified":"2022-08-02T06:48:49","modified_gmt":"2022-08-01T23:48:49","slug":"bep-chien-phang-don-ma-crom-ozti-ogg-4070-c-nha-phan-phoi-thiet-bi-bep-nha-hang-khach-san","status":"publish","type":"product","link":"https:\/\/maygiatlacongnghiep.com\/?product=bep-chien-phang-don-ma-crom-ozti-ogg-4070-c-nha-phan-phoi-thiet-bi-bep-nha-hang-khach-san","title":{"rendered":"B\u1ebfp chi\u00ean ph\u1eb3ng \u0111\u01a1n m\u1ea1 crom Ozti OGG 4070 C &#8211; Nh\u00e0 ph\u00e2n ph\u1ed1i thi\u1ebft b\u1ecb b\u1ebfp nh\u00e0 h\u00e0ng &#8211; kh\u00e1ch s\u1ea1n"},"content":{"rendered":"","protected":false},"excerpt":{"rendered":"<p>B\u1ebfp chi\u00ean ph\u1eb3ng \u0111\u01a1n m\u1ea1 crom Ozti OGG 4070 C l\u00e0 d\u00f2ng b\u1ebfp chi\u00ean r\u00e1n b\u1ec1 m\u1eb7t ph\u1eb3ng r\u1ea5t ph\u1ed5 bi\u1ebfn trong nh\u1eefng gian b\u1ebfp ch\u1ebf bi\u1ebfn c\u00e1c mon \u00c2u<\/p>\n","protected":false},"featured_media":1001,"template":"","meta":[],"_links":{"self":[{"href":"https:\/\/maygiatlacongnghiep.com\/index.php?rest_route=\/wp\/v2\/product\/1002"}],"collection":[{"href":"https:\/\/maygiatlacongnghiep.com\/index.php?rest_route=\/wp\/v2\/product"}],"about":[{"href":"https:\/\/maygiatlacongnghiep.com\/index.php?rest_route=\/wp\/v2\/types\/product"}],"wp:featuredmedia":[{"embeddable":true,"href":"https:\/\/maygiatlacongnghiep.com\/index.php?rest_route=\/wp\/v2\/media\/1001"}],"wp:attachment":[{"href":"https:\/\/maygiatlacongnghiep.com\/index.php?rest_route=%2Fwp%2Fv2%2Fmedia&parent=1002"}],"curies":[{"name":"wp","href":"https:\/\/api.w.org\/{rel}","templated":true}]}}